{"id":20930,"date":"2023-08-15T15:58:47","date_gmt":"2023-08-15T15:58:47","guid":{"rendered":"http:\/\/www.mureda.es\/?page_id=20930"},"modified":"2023-08-15T21:03:49","modified_gmt":"2023-08-15T21:03:49","slug":"legal-notice","status":"publish","type":"page","link":"http:\/\/www.mureda.es\/en\/legal-notice\/","title":{"rendered":"Legal Notice"},"content":{"rendered":"\t\t<div data-elementor-type=\"wp-page\" data-elementor-id=\"20930\" class=\"elementor elementor-20930 elementor-20912\">\n\t\t\t\t\t\t\t\t\t<section class=\"elementor-section elementor-top-section elementor-element elementor-element-acede64 elementor-section-full_width elementor-section-height-default elementor-section-height-default sc_fly_static\" data-id=\"acede64\" data-element_type=\"section\">\n\t\t\t\t\t\t<div class=\"elementor-container elementor-column-gap-extended\">\n\t\t\t\t\t<div class=\"elementor-column elementor-col-100 elementor-top-column elementor-element elementor-element-f7ac485 sc_inner_width_none sc_content_align_inherit sc_layouts_column_icons_position_left sc_fly_static\" data-id=\"f7ac485\" data-element_type=\"column\">\n\t\t\t<div class=\"elementor-widget-wrap elementor-element-populated\">\n\t\t\t\t\t\t\t\t<div class=\"elementor-element elementor-element-de63a4b sc_fly_static elementor-widget elementor-widget-heading\" data-id=\"de63a4b\" data-element_type=\"widget\" data-widget_type=\"heading.default\">\n\t\t\t\t<div class=\"elementor-widget-container\">\n\t\t\t<h2 class=\"elementor-heading-title elementor-size-default\">Legal Notice<\/h2>\t\t<\/div>\n\t\t\t\t<\/div>\n\t\t\t\t<div class=\"elementor-element elementor-element-7510785 sc_fly_static elementor-widget elementor-widget-text-editor\" data-id=\"7510785\" data-element_type=\"widget\" data-widget_type=\"text-editor.default\">\n\t\t\t\t<div class=\"elementor-widget-container\">\n\t\t\t\t\t\t\t<div class=\"l-submain\"><div class=\"l-submain-h g-html i-cf\"><div class=\"l-submain\"><div class=\"l-submain-h g-html i-cf\"><p class=\"p1\">MUREDA ALIMENTACI\u00d3N S.L., with CIF\/NIF: B84658731 and address in: Nacional Iv, Km 184, 13300 \u2013 Valdepe\u00f1as (Ciudad Real), cannot assume any responsibility for the incorrect, inappropriate or illegal use of the information appearing on the following website\/s: http:\/\/www.mureda.es\/ MUREDA ALIMENTACI\u00d3N S.L. is a company recorded at the Mercantile Registry of Madrid, in Tome 22542, Page 73 , Section 8\u00aa, Sheet M-402948, Inscription 1\u00aa.<\/p><p class=\"p1\">Within the limits established by law, MUREDA ALIMENTACI\u00d3N S.L. assumes no responsibility for the lack of veracity, integrity, updating and accuracy in data or information contained in their Internet sites. The contents and information do not bind MUREDA ALIMENTACI\u00d3N S.L. and do not imply opinions, advice or any kind of legal assessment, as it is merely a service offered for information.<\/p><p class=\"p1\">The MUREDA ALIMENTACI\u00d3N S.L. Internet websites, may contain links to other third parties not under control by MUREDA ALIMENTACI\u00d3N S.L.. Therefore, MUREDA ALIMENTACI\u00d3N S.L. cannot take responsibility for the content that may appear on these pages. The text, images, sounds, animations, software and other content included in this website are the exclusive property of MUREDA ALIMENTACI\u00d3N S.L. or its licensors. Any transmission, distribution, transfer, reproduction, storage, total or partial public communication must have the express consent by MUREDA ALIMENTACI\u00d3N S.L..<\/p><p class=\"p1\">Also, access some of the services offered through the website should provide some personal data. In compliance with the provisions of Regulation (EU) 2016\/679 of the European Parliament and of the Council of 27 April 2016 on the protection of natural persons with regard to the processing of personal data and on the free movement of such data, and repealing Directive 95\/46\/EC (General Data Protection Regulation \u2013 GDPR), we inform you can fill in these forms, your personal data will be stored and processed by MUREDA ALIMENTACI\u00d3N S.L. for the offering and providing our services and informing improvements to the website.<\/p><p class=\"p1\">Also advised you can exercise rights in access, rectification, cancellation, limitation, portability and opposition to your personal data, free via email to: nmadrid@mureda.es or in the address: Nacional Iv, Km 184, 13300 \u2013 Valdepe\u00f1as (Ciudad Real), with your identification.<\/p><\/div><\/div><\/div><\/div>\t\t\t\t\t\t<\/div>\n\t\t\t\t<\/div>\n\t\t\t\t\t<\/div>\n\t\t<\/div>\n\t\t\t\t\t\t\t<\/div>\n\t\t<\/section>\n\t\t\t\t\t\t\t<\/div>\n\t\t","protected":false},"excerpt":{"rendered":"<p>Legal Notice MUREDA ALIMENTACI\u00d3N S.L., with CIF\/NIF: B84658731 and address in: Nacional Iv, Km 184, 13300 \u2013 Valdepe\u00f1as (Ciudad Real), cannot assume any responsibility for the incorrect, inappropriate or illegal&hellip;<\/p>\n","protected":false},"author":1,"featured_media":0,"parent":0,"menu_order":0,"comment_status":"closed","ping_status":"closed","template":"","meta":{"footnotes":""},"class_list":["post-20930","page","type-page","status-publish","hentry"],"_links":{"self":[{"href":"http:\/\/www.mureda.es\/en\/wp-json\/wp\/v2\/pages\/20930","targetHints":{"allow":["GET"]}}],"collection":[{"href":"http:\/\/www.mureda.es\/en\/wp-json\/wp\/v2\/pages"}],"about":[{"href":"http:\/\/www.mureda.es\/en\/wp-json\/wp\/v2\/types\/page"}],"author":[{"embeddable":true,"href":"http:\/\/www.mureda.es\/en\/wp-json\/wp\/v2\/users\/1"}],"replies":[{"embeddable":true,"href":"http:\/\/www.mureda.es\/en\/wp-json\/wp\/v2\/comments?post=20930"}],"version-history":[{"count":4,"href":"http:\/\/www.mureda.es\/en\/wp-json\/wp\/v2\/pages\/20930\/revisions"}],"predecessor-version":[{"id":20934,"href":"http:\/\/www.mureda.es\/en\/wp-json\/wp\/v2\/pages\/20930\/revisions\/20934"}],"wp:attachment":[{"href":"http:\/\/www.mureda.es\/en\/wp-json\/wp\/v2\/media?parent=20930"}],"curies":[{"name":"wp","href":"https:\/\/api.w.org\/{rel}","templated":true}]}}