{"id":20806,"date":"2023-06-21T07:25:55","date_gmt":"2023-06-21T07:25:55","guid":{"rendered":"http:\/\/www.mureda.es\/?page_id=20806"},"modified":"2023-09-12T18:29:15","modified_gmt":"2023-09-12T18:29:15","slug":"nuestra-almazara","status":"publish","type":"page","link":"http:\/\/www.mureda.es\/en\/nuestra-almazara\/","title":{"rendered":"Nuestra Almazara"},"content":{"rendered":"\t\t<div data-elementor-type=\"wp-page\" data-elementor-id=\"20806\" class=\"elementor elementor-20806 elementor-20411\">\n\t\t\t\t\t\t\t\t\t<section class=\"elementor-section elementor-top-section elementor-element elementor-element-b746244 elementor-section-boxed elementor-section-height-default elementor-section-height-default sc_fly_static\" data-id=\"b746244\" data-element_type=\"section\">\n\t\t\t\t\t\t<div class=\"elementor-container elementor-column-gap-extended\">\n\t\t\t\t\t<div class=\"elementor-column elementor-col-100 elementor-top-column elementor-element elementor-element-981c76f sc_inner_width_none sc_content_align_inherit sc_layouts_column_icons_position_left sc_fly_static\" data-id=\"981c76f\" data-element_type=\"column\">\n\t\t\t<div class=\"elementor-widget-wrap elementor-element-populated\">\n\t\t\t\t\t\t\t\t<div class=\"elementor-element elementor-element-3b4fcdb sc_fly_static elementor-widget elementor-widget-heading\" data-id=\"3b4fcdb\" data-element_type=\"widget\" data-widget_type=\"heading.default\">\n\t\t\t\t<div class=\"elementor-widget-container\">\n\t\t\t<h1 class=\"elementor-heading-title elementor-size-default\">Nuestra almazara<\/h1>\t\t<\/div>\n\t\t\t\t<\/div>\n\t\t\t\t\t<\/div>\n\t\t<\/div>\n\t\t\t\t\t\t\t<\/div>\n\t\t<\/section>\n\t\t\t\t<section class=\"elementor-section elementor-top-section elementor-element elementor-element-94c8f75 elementor-section-boxed elementor-section-height-default elementor-section-height-default sc_fly_static\" data-id=\"94c8f75\" data-element_type=\"section\">\n\t\t\t\t\t\t<div class=\"elementor-container elementor-column-gap-extended\">\n\t\t\t\t\t<div class=\"elementor-column elementor-col-100 elementor-top-column elementor-element elementor-element-c27d7ce sc_inner_width_none sc_content_align_inherit sc_layouts_column_icons_position_left sc_fly_static\" data-id=\"c27d7ce\" data-element_type=\"column\">\n\t\t\t<div class=\"elementor-widget-wrap elementor-element-populated\">\n\t\t\t\t\t\t\t\t<div class=\"elementor-element elementor-element-11b3038 sc_fly_static elementor-widget elementor-widget-image\" data-id=\"11b3038\" data-element_type=\"widget\" data-widget_type=\"image.default\">\n\t\t\t\t<div class=\"elementor-widget-container\">\n\t\t\t\t\t\t\t\t\t\t\t\t\t\t\t<img decoding=\"async\" src=\"http:\/\/www.mureda.es\/wp-content\/uploads\/elementor\/thumbs\/almazaea-qccxfhhygxxeldk7b2k3xpcayw5yb7oav3p41lck4s.jpg\" title=\"almazaea\" alt=\"almazaea\" loading=\"lazy\" \/>\t\t\t\t\t\t\t\t\t\t\t\t\t\t\t<\/div>\n\t\t\t\t<\/div>\n\t\t\t\t\t<\/div>\n\t\t<\/div>\n\t\t\t\t\t\t\t<\/div>\n\t\t<\/section>\n\t\t\t\t<section class=\"elementor-section elementor-top-section elementor-element elementor-element-f9caedf elementor-section-boxed elementor-section-height-default elementor-section-height-default sc_fly_static\" data-id=\"f9caedf\" data-element_type=\"section\">\n\t\t\t\t\t\t<div class=\"elementor-container elementor-column-gap-extended\">\n\t\t\t\t\t<div class=\"elementor-column elementor-col-100 elementor-top-column elementor-element elementor-element-801a814 sc_inner_width_none sc_content_align_inherit sc_layouts_column_icons_position_left sc_fly_static\" data-id=\"801a814\" data-element_type=\"column\">\n\t\t\t<div class=\"elementor-widget-wrap elementor-element-populated\">\n\t\t\t\t\t\t\t\t<div class=\"elementor-element elementor-element-cd5f63d sc_fly_static elementor-widget elementor-widget-text-editor\" data-id=\"cd5f63d\" data-element_type=\"widget\" data-widget_type=\"text-editor.default\">\n\t\t\t\t<div class=\"elementor-widget-container\">\n\t\t\t\t\t\t\t<p>Mureda ha construido su almazara con la <strong>\u00faltima tecnolog\u00eda<\/strong>, preservando las normas <strong>medioambientales y de sostenibilidad<\/strong>, para el procesamiento de sus <strong>3.000 hect\u00e1reas<\/strong> de olivares ecol\u00f3gicos. Su capacidad de molturaci\u00f3n es de 250.000 kg. diarios, y cada una de sus tolvas es de alrededor de 200.000 kg. <strong>Almazara \u00fanica<\/strong> (centrifugadora horizontal) de tres fases para la utilizaci\u00f3n de todos los productos y subproductos:<\/p>\n<ul style=\"padding:0; margin-left: 14px;margin-top:0;font-family:'Open Sans';font-size:18px;\">\n \t<li class=\"lital\">Aceite de oliva virgen extra<\/li>\n \t<li class=\"lital\">Agua vegetal para ser utilizada como fertilizante<\/li>\n \t<li class=\"lital\">Hollejo de aceituna para ser utilizado como alimento<\/li>\n \t<li class=\"lital\">Hojas para la alimentaci\u00f3n del ganado<\/li>\n \t<li class=\"lital\">Huesos de aceituna utilizados como biomasa<\/li>\n<\/ul>\n<p>Esas tres fases, confieren a la <strong>almazara de Mureda<\/strong> la condici\u00f3n de<strong> almazara biodin\u00e1mica<\/strong>.\nComo resultado de la combinaci\u00f3n por el respeto por la <strong>agricultura ecol\u00f3gica<\/strong> y la m\u00e1s <strong>alta tecnolog\u00eda<\/strong>, Mureda ha obtenido un <strong>aceite de oliva virgen extra galardonado<\/strong> en los m\u00e1s importantes concursos del mundo.<\/p>\t\t\t\t\t\t<\/div>\n\t\t\t\t<\/div>\n\t\t\t\t\t<\/div>\n\t\t<\/div>\n\t\t\t\t\t\t\t<\/div>\n\t\t<\/section>\n\t\t\t\t<section class=\"elementor-section elementor-top-section elementor-element elementor-element-9b87065 elementor-section-boxed elementor-section-height-default elementor-section-height-default sc_fly_static\" data-id=\"9b87065\" data-element_type=\"section\">\n\t\t\t\t\t\t<div class=\"elementor-container elementor-column-gap-extended\">\n\t\t\t\t\t<div class=\"elementor-column elementor-col-100 elementor-top-column elementor-element elementor-element-220758a sc_inner_width_none sc_content_align_inherit sc_layouts_column_icons_position_left sc_fly_static\" data-id=\"220758a\" data-element_type=\"column\">\n\t\t\t<div class=\"elementor-widget-wrap elementor-element-populated\">\n\t\t\t\t\t\t\t\t<div class=\"elementor-element elementor-element-261d0d6 sc_fly_static elementor-widget elementor-widget-image\" data-id=\"261d0d6\" data-element_type=\"widget\" data-widget_type=\"image.default\">\n\t\t\t\t<div class=\"elementor-widget-container\">\n\t\t\t\t\t\t\t\t\t\t\t\t\t\t\t<img loading=\"lazy\" decoding=\"async\" width=\"1024\" height=\"404\" src=\"http:\/\/www.mureda.es\/wp-content\/uploads\/2023\/06\/almazara2-1024x404.jpg\" class=\"attachment-large size-large wp-image-20415\" alt=\"\" srcset=\"http:\/\/www.mureda.es\/wp-content\/uploads\/2023\/06\/almazara2-1024x404.jpg 1024w, http:\/\/www.mureda.es\/wp-content\/uploads\/2023\/06\/almazara2-300x118.jpg 300w, http:\/\/www.mureda.es\/wp-content\/uploads\/2023\/06\/almazara2-768x303.jpg 768w, http:\/\/www.mureda.es\/wp-content\/uploads\/2023\/06\/almazara2-1536x606.jpg 1536w, http:\/\/www.mureda.es\/wp-content\/uploads\/2023\/06\/almazara2-2048x808.jpg 2048w, http:\/\/www.mureda.es\/wp-content\/uploads\/2023\/06\/almazara2-370x146.jpg 370w, http:\/\/www.mureda.es\/wp-content\/uploads\/2023\/06\/almazara2-840x331.jpg 840w, http:\/\/www.mureda.es\/wp-content\/uploads\/2023\/06\/almazara2-410x162.jpg 410w\" sizes=\"auto, (max-width: 1024px) 100vw, 1024px\" \/>\t\t\t\t\t\t\t\t\t\t\t\t\t\t\t<\/div>\n\t\t\t\t<\/div>\n\t\t\t\t\t<\/div>\n\t\t<\/div>\n\t\t\t\t\t\t\t<\/div>\n\t\t<\/section>\n\t\t\t\t\t\t\t<\/div>\n\t\t","protected":false},"excerpt":{"rendered":"<p>Nuestra almazara Mureda ha construido su almazara con la \u00faltima tecnolog\u00eda, preservando las normas medioambientales y de sostenibilidad, para el procesamiento de sus 3.000 hect\u00e1reas de olivares ecol\u00f3gicos. Su capacidad&hellip;<\/p>\n","protected":false},"author":1,"featured_media":0,"parent":0,"menu_order":0,"comment_status":"closed","ping_status":"closed","template":"","meta":{"footnotes":""},"class_list":["post-20806","page","type-page","status-publish","hentry"],"_links":{"self":[{"href":"http:\/\/www.mureda.es\/en\/wp-json\/wp\/v2\/pages\/20806","targetHints":{"allow":["GET"]}}],"collection":[{"href":"http:\/\/www.mureda.es\/en\/wp-json\/wp\/v2\/pages"}],"about":[{"href":"http:\/\/www.mureda.es\/en\/wp-json\/wp\/v2\/types\/page"}],"author":[{"embeddable":true,"href":"http:\/\/www.mureda.es\/en\/wp-json\/wp\/v2\/users\/1"}],"replies":[{"embeddable":true,"href":"http:\/\/www.mureda.es\/en\/wp-json\/wp\/v2\/comments?post=20806"}],"version-history":[{"count":32,"href":"http:\/\/www.mureda.es\/en\/wp-json\/wp\/v2\/pages\/20806\/revisions"}],"predecessor-version":[{"id":21672,"href":"http:\/\/www.mureda.es\/en\/wp-json\/wp\/v2\/pages\/20806\/revisions\/21672"}],"wp:attachment":[{"href":"http:\/\/www.mureda.es\/en\/wp-json\/wp\/v2\/media?parent=20806"}],"curies":[{"name":"wp","href":"https:\/\/api.w.org\/{rel}","templated":true}]}}